{"id":344,"date":"2026-04-21T23:40:32","date_gmt":"2026-04-21T23:40:32","guid":{"rendered":"https:\/\/sahrakentinsaat.com\/noktal\/?page_id=344"},"modified":"2026-05-16T09:03:29","modified_gmt":"2026-05-16T09:03:29","slug":"iletisim","status":"publish","type":"page","link":"https:\/\/sahrakentinsaat.com\/noktal\/iletisim\/","title":{"rendered":"\u0130leti\u015fim"},"content":{"rendered":"\t\t<div data-elementor-type=\"wp-page\" data-elementor-id=\"344\" class=\"elementor elementor-344\" data-elementor-post-type=\"page\">\n\t\t\t\t<div class=\"elementor-element elementor-element-59f86c8 e-flex e-con-boxed e-con e-parent\" data-id=\"59f86c8\" data-element_type=\"container\" data-e-type=\"container\">\n\t\t\t\t\t<div class=\"e-con-inner\">\n\t\t<div class=\"elementor-element elementor-element-de8471f e-con-full e-flex e-con e-child\" data-id=\"de8471f\" data-element_type=\"container\" data-e-type=\"container\">\n\t\t<div class=\"elementor-element elementor-element-6e8b8aa e-con-full e-flex e-con e-child\" data-id=\"6e8b8aa\" data-element_type=\"container\" data-e-type=\"container\" data-settings=\"{&quot;background_background&quot;:&quot;classic&quot;}\">\n\t\t<div class=\"elementor-element elementor-element-edc2d30 e-con-full e-flex e-con e-child\" data-id=\"edc2d30\" data-element_type=\"container\" data-e-type=\"container\" data-settings=\"{&quot;background_background&quot;:&quot;classic&quot;}\">\n\t\t<div class=\"elementor-element elementor-element-c7b56c8 e-con-full e-flex e-con e-child\" data-id=\"c7b56c8\" data-element_type=\"container\" data-e-type=\"container\" data-settings=\"{&quot;background_background&quot;:&quot;classic&quot;}\">\n\t\t<div class=\"elementor-element elementor-element-ea65cc8 e-grid e-con-full e-con e-child\" data-id=\"ea65cc8\" data-element_type=\"container\" data-e-type=\"container\">\n\t\t<div class=\"elementor-element elementor-element-bee7891 e-con-full e-flex e-con e-child\" data-id=\"bee7891\" data-element_type=\"container\" data-e-type=\"container\" data-settings=\"{&quot;background_background&quot;:&quot;classic&quot;}\">\n\t\t\t\t<div class=\"elementor-element elementor-element-d8e4a96 elementor-position-inline-start elementor-view-default elementor-mobile-position-block-start elementor-widget elementor-widget-icon-box\" data-id=\"d8e4a96\" data-element_type=\"widget\" data-e-type=\"widget\" data-widget_type=\"icon-box.default\">\n\t\t\t\t\t\t\t<div class=\"elementor-icon-box-wrapper\">\n\n\t\t\t\t\t\t<div class=\"elementor-icon-box-icon\">\n\t\t\t\t<span  class=\"elementor-icon elementor-animation-pop\">\n\t\t\t\t<svg xmlns=\"http:\/\/www.w3.org\/2000\/svg\" xmlns:xlink=\"http:\/\/www.w3.org\/1999\/xlink\" height=\"800px\" width=\"800px\" id=\"Layer_1\" viewBox=\"0 0 512 512\" xml:space=\"preserve\"><path style=\"fill:#FC583D;\" d=\"M427.087,136.139c-49.653-170.445-292.521-170.445-342.174,0 c-6.372,21.875-9.789,45.009-9.789,68.943c0,113.331,76.617,208.753,180.876,237.334 c104.259-28.581,180.876-124.003,180.876-237.334C436.876,181.148,433.46,158.015,427.087,136.139z\"><\/path><circle style=\"fill:#E6E6E6;\" cx=\"256.004\" cy=\"190.542\" r=\"111.287\"><\/circle><path style=\"fill:#CCCCCC;\" d=\"M193.152,190.542c0-53.142,37.252-97.576,87.065-108.631c-7.797-1.73-15.899-2.651-24.217-2.651 c-61.459,0-111.282,49.823-111.282,111.282S194.541,301.825,256,301.825c8.317,0,16.42-0.92,24.217-2.651 C230.404,288.118,193.152,243.684,193.152,190.542z\"><\/path><polygon style=\"fill:#FFCA6C;\" points=\"256,120.36 276.626,162.152 322.747,168.854 289.374,201.386 297.252,247.321 256,225.633  214.748,247.321 222.626,201.386 189.253,168.854 235.374,162.152 \"><\/polygon><path d=\"M171.475,263.393c-3.224,3.224-3.224,8.452,0,11.675c22.578,22.578,52.596,35.012,84.525,35.012 c65.914,0,119.538-53.625,119.538-119.537c0-65.914-53.625-119.538-119.538-119.538c-65.913,0-119.537,53.625-119.537,119.538 c0,16.134,3.161,31.79,9.397,46.531c1.777,4.197,6.618,6.162,10.821,4.388c4.199-1.777,6.163-6.621,4.388-10.82 c-5.37-12.695-8.093-26.187-8.093-40.1c0-56.809,46.218-103.027,103.026-103.027c56.809,0,103.027,46.218,103.027,103.027 c0,56.808-46.218,103.026-103.027,103.026c-27.519,0-53.391-10.716-72.851-30.175C179.925,260.169,174.698,260.169,171.475,263.393z \"><\/path><path d=\"M377.367,402.103c-3.781-2.549-8.912-1.553-11.461,2.226c-2.55,3.78-1.553,8.912,2.226,11.461 c8.63,5.822,18.917,15.167,18.917,26.625c0,12.722-13.075,25.773-35.872,35.809c-25.286,11.132-59.087,17.263-95.176,17.263 c-41.425,0-81.105-8.501-106.142-22.742c-3.966-2.254-9.004-0.868-11.259,3.095c-2.253,3.964-0.868,9.004,3.095,11.259 C169.518,502.924,211.18,512,256,512c38.33,0,74.493-6.628,101.828-18.662c29.491-12.982,45.73-31.067,45.73-50.921 C403.56,427.605,394.501,413.665,377.367,402.103z\"><\/path><path d=\"M164.286,405.144c26.517,20.786,57.04,36.327,89.532,45.235c0.714,0.196,1.449,0.294,2.183,0.294s1.468-0.098,2.183-0.294 c52.708-14.449,100.254-46.339,133.881-89.796c34.717-44.865,53.068-98.636,53.068-155.501c0-24.231-3.405-48.204-10.118-71.251 c-4.88-16.749-11.734-32.457-20.373-46.687c-2.366-3.899-7.443-5.139-11.341-2.773c-3.898,2.367-5.138,7.444-2.773,11.341 c7.889,12.996,14.159,27.374,18.635,42.736c6.278,21.547,9.46,43.967,9.46,66.634c0,53.173-17.156,103.451-49.615,145.395 c-30.986,40.044-74.598,69.584-123.006,83.367c-48.408-13.783-92.019-43.323-123.007-83.367 c-32.458-41.945-49.615-92.222-49.615-145.395c0-22.667,3.182-45.086,9.46-66.634C109.764,80.35,152.292,38.161,209.518,22.699 c58.787-15.884,121.672-0.713,164.116,39.589c3.306,3.139,8.532,3.004,11.671-0.302c3.14-3.307,3.004-8.532-0.302-11.672 C338.411,6.073,269.521-10.616,205.211,6.759c-62.915,17-109.651,63.316-128.225,127.071c-6.715,23.048-10.118,47.021-10.118,71.251 c0,56.865,18.351,110.637,53.068,155.501c9.128,11.795,19.286,22.73,30.29,32.703c-27.066,12.801-41.785,29.968-41.785,49.131 c0,4.5,0.853,8.988,2.535,13.339c1.266,3.275,4.391,5.28,7.702,5.28c0.99,0,1.997-0.179,2.975-0.558 c4.252-1.645,6.368-6.424,4.723-10.677c-0.946-2.445-1.424-4.93-1.424-7.385C124.952,429.031,139.566,415.271,164.286,405.144z\"><\/path><path d=\"M330.599,166.303c-0.971-2.989-3.554-5.167-6.664-5.618l-41.826-6.077l-18.705-37.901c-1.391-2.818-4.261-4.602-7.404-4.602 c-3.143,0-6.012,1.784-7.404,4.602l-18.705,37.901l-41.826,6.077c-3.11,0.451-5.693,2.63-6.664,5.618 c-0.971,2.989-0.161,6.27,2.089,8.463l30.265,29.502l-7.145,41.657c-0.531,3.098,0.742,6.228,3.285,8.075 c2.543,1.846,5.913,2.09,8.694,0.629l37.409-19.668l37.411,19.668c1.209,0.635,2.527,0.948,3.841,0.948 c1.712,0,3.416-0.532,4.853-1.576c2.543-1.847,3.815-4.978,3.285-8.075l-7.145-41.657l30.265-29.502 C330.759,172.573,331.57,169.292,330.599,166.303z M283.612,195.474c-1.946,1.897-2.834,4.63-2.374,7.308l5.05,29.448 l-26.446-13.904c-1.203-0.632-2.523-0.948-3.842-0.948c-1.319,0-2.639,0.316-3.842,0.948l-26.445,13.904l5.05-29.448 c0.459-2.678-0.428-5.411-2.374-7.308l-21.396-20.855l29.566-4.296c2.689-0.391,5.014-2.079,6.216-4.516l13.222-26.793 l13.223,26.793c1.203,2.436,3.527,4.126,6.216,4.516l29.566,4.296L283.612,195.474z\"><\/path><\/svg>\t\t\t\t<\/span>\n\t\t\t<\/div>\n\t\t\t\n\t\t\t\t\t\t<div class=\"elementor-icon-box-content\">\n\n\t\t\t\t\t\t\t\t\t<p class=\"elementor-icon-box-title\">\n\t\t\t\t\t\t<span  >\n\t\t\t\t\t\t\tAdres\t\t\t\t\t\t<\/span>\n\t\t\t\t\t<\/p>\n\t\t\t\t\n\t\t\t\t\t\t\t\t\t<p class=\"elementor-icon-box-description\">\n\t\t\t\t\t\tBeykoz\/\u0130STANBUL\t\t\t\t\t<\/p>\n\t\t\t\t\n\t\t\t<\/div>\n\t\t\t\n\t\t<\/div>\n\t\t\t\t\t\t<\/div>\n\t\t\t\t<\/div>\n\t\t<div class=\"elementor-element elementor-element-1f7f6d3 e-con-full e-flex e-con e-child\" data-id=\"1f7f6d3\" data-element_type=\"container\" data-e-type=\"container\" data-settings=\"{&quot;background_background&quot;:&quot;classic&quot;}\">\n\t\t\t\t<div class=\"elementor-element elementor-element-912b90e elementor-position-inline-start elementor-view-default elementor-mobile-position-block-start elementor-widget elementor-widget-icon-box\" data-id=\"912b90e\" data-element_type=\"widget\" data-e-type=\"widget\" data-widget_type=\"icon-box.default\">\n\t\t\t\t\t\t\t<div class=\"elementor-icon-box-wrapper\">\n\n\t\t\t\t\t\t<div class=\"elementor-icon-box-icon\">\n\t\t\t\t<span  class=\"elementor-icon elementor-animation-pop\">\n\t\t\t\t<svg xmlns=\"http:\/\/www.w3.org\/2000\/svg\" aria-label=\"Phone\" viewBox=\"0 0 512 512\"><rect width=\"512\" height=\"512\" rx=\"15%\" fill=\"#20df40\"><\/rect><path fill=\"#ffffff\" d=\"M395 338c-10-9-22-17-33-23-23-16-43-17-59 6-10 14-23 16-37 10-39-18-68-43-84-82-8-16-8-31 10-42 9-6 19-14 18-28-1-18-44-78-62-84-8-2-14-2-22 0-41 14-57 46-42 85a451 451 0 0 0 251 248l17 5c26 0 57-25 67-50 9-24-10-34-24-45z\"><\/path><path fill=\"none\" stroke=\"#ffffff\" stroke-linecap=\"round\" stroke-width=\"17\" d=\"M268 138s41-1 72 30c31 30 27 74 27 74m-87-63s18-2 33 14c15 15 13 34 13 34M255 98s64-3 111 44c47 48 43 114 43 114\"><\/path><\/svg>\t\t\t\t<\/span>\n\t\t\t<\/div>\n\t\t\t\n\t\t\t\t\t\t<div class=\"elementor-icon-box-content\">\n\n\t\t\t\t\t\t\t\t\t<p class=\"elementor-icon-box-title\">\n\t\t\t\t\t\t<span  >\n\t\t\t\t\t\t\tTelefon\t\t\t\t\t\t<\/span>\n\t\t\t\t\t<\/p>\n\t\t\t\t\n\t\t\t\t\t\t\t\t\t<p class=\"elementor-icon-box-description\">\n\t\t\t\t\t\t0531 307 53 87\t\t\t\t\t<\/p>\n\t\t\t\t\n\t\t\t<\/div>\n\t\t\t\n\t\t<\/div>\n\t\t\t\t\t\t<\/div>\n\t\t\t\t<\/div>\n\t\t\t\t<\/div>\n\t\t\t\t<div class=\"elementor-element elementor-element-118c707 elementor-widget elementor-widget-heading\" data-id=\"118c707\" data-element_type=\"widget\" data-e-type=\"widget\" data-widget_type=\"heading.default\">\n\t\t\t\t\t<p class=\"elementor-heading-title elementor-size-default\">\u0130LET\u0130\u015e\u0130M FORMU<\/p>\t\t\t\t<\/div>\n\t\t\t\t<div class=\"elementor-element elementor-element-c09338f elementor-widget elementor-widget-text-editor\" data-id=\"c09338f\" data-element_type=\"widget\" data-e-type=\"widget\" data-widget_type=\"text-editor.default\">\n\t\t\t\t\t\t\t\t\t<p>Formu doldurun sizinle en k\u0131sa s\u00fcrede <span style=\"text-decoration: underline;\"><strong>ileti\u015fime ge\u00e7ip bilgi &amp; teklif verelim.<\/strong><\/span><\/p>\t\t\t\t\t\t\t\t<\/div>\n\t\t\t\t<div class=\"elementor-element elementor-element-5cad245 elementor-button-align-stretch elementor-widget elementor-widget-form\" data-id=\"5cad245\" data-element_type=\"widget\" data-e-type=\"widget\" data-settings=\"{&quot;step_next_label&quot;:&quot;Next&quot;,&quot;step_previous_label&quot;:&quot;Previous&quot;,&quot;button_width&quot;:&quot;100&quot;,&quot;step_type&quot;:&quot;number_text&quot;,&quot;step_icon_shape&quot;:&quot;circle&quot;}\" data-widget_type=\"form.default\">\n\t\t\t\t\t\t\t<form class=\"elementor-form\" method=\"post\" name=\"New Form\" aria-label=\"New Form\">\n\t\t\t<input type=\"hidden\" name=\"post_id\" value=\"344\"\/>\n\t\t\t<input type=\"hidden\" name=\"form_id\" value=\"5cad245\"\/>\n\t\t\t<input type=\"hidden\" name=\"referer_title\" value=\"\u0130leti\u015fim\" \/>\n\n\t\t\t\t\t\t\t<input type=\"hidden\" name=\"queried_id\" value=\"344\"\/>\n\t\t\t\n\t\t\t<div class=\"elementor-form-fields-wrapper elementor-labels-above\">\n\t\t\t\t\t\t\t\t<div class=\"elementor-field-type-text elementor-field-group elementor-column elementor-field-group-name elementor-col-50 elementor-sm-50 elementor-field-required\">\n\t\t\t\t\t\t\t\t\t\t\t\t\t<input size=\"1\" type=\"text\" name=\"form_fields[name]\" id=\"form-field-name\" class=\"elementor-field elementor-size-sm  elementor-field-textual\" placeholder=\"\u0130sim\" required=\"required\">\n\t\t\t\t\t\t\t\t\t\t\t<\/div>\n\t\t\t\t\t\t\t\t<div class=\"elementor-field-type-tel elementor-field-group elementor-column elementor-field-group-field_3cd0a3f elementor-col-50 elementor-sm-50 elementor-field-required\">\n\t\t\t\t\t\t\t<input size=\"1\" type=\"tel\" name=\"form_fields[field_3cd0a3f]\" id=\"form-field-field_3cd0a3f\" class=\"elementor-field elementor-size-sm  elementor-field-textual\" placeholder=\"Telefon\" required=\"required\" pattern=\"[0-9()#&amp;+*-=.]+\" title=\"Only numbers and phone characters (#, -, *, etc) are accepted.\">\n\n\t\t\t\t\t\t<\/div>\n\t\t\t\t\t\t\t\t<div class=\"elementor-field-type-email elementor-field-group elementor-column elementor-field-group-field_8614e68 elementor-col-50 elementor-sm-50 elementor-field-required\">\n\t\t\t\t\t\t\t\t\t\t\t\t\t<input size=\"1\" type=\"email\" name=\"form_fields[field_8614e68]\" id=\"form-field-field_8614e68\" class=\"elementor-field elementor-size-sm  elementor-field-textual\" placeholder=\"E-Posta\" required=\"required\">\n\t\t\t\t\t\t\t\t\t\t\t<\/div>\n\t\t\t\t\t\t\t\t<div class=\"elementor-field-type-text elementor-field-group elementor-column elementor-field-group-field_bedb88b elementor-col-50 elementor-sm-50 elementor-field-required\">\n\t\t\t\t\t\t\t\t\t\t\t\t\t<input size=\"1\" type=\"text\" name=\"form_fields[field_bedb88b]\" id=\"form-field-field_bedb88b\" class=\"elementor-field elementor-size-sm  elementor-field-textual\" placeholder=\"Konu\" required=\"required\">\n\t\t\t\t\t\t\t\t\t\t\t<\/div>\n\t\t\t\t\t\t\t\t<div class=\"elementor-field-type-textarea elementor-field-group elementor-column elementor-field-group-message elementor-col-100 elementor-field-required\">\n\t\t\t\t\t<textarea class=\"elementor-field-textual elementor-field  elementor-size-sm\" name=\"form_fields[message]\" id=\"form-field-message\" rows=\"6\" placeholder=\"Mesaj\u0131n\u0131z...\" required=\"required\"><\/textarea>\t\t\t\t<\/div>\n\t\t\t\t\t\t\t\t<div class=\"elementor-field-group elementor-column elementor-field-type-submit elementor-col-100 e-form__buttons\">\n\t\t\t\t\t<button class=\"elementor-button elementor-size-sm\" type=\"submit\">\n\t\t\t\t\t\t<span class=\"elementor-button-content-wrapper\">\n\t\t\t\t\t\t\t\t\t\t\t\t\t\t\t\t\t\t\t\t\t\t<span class=\"elementor-button-text\">G\u00d6NDER<\/span>\n\t\t\t\t\t\t\t\t\t\t\t\t\t<\/span>\n\t\t\t\t\t<\/button>\n\t\t\t\t<\/div>\n\t\t\t<\/div>\n\t\t<\/form>\n\t\t\t\t\t\t<\/div>\n\t\t\t\t<\/div>\n\t\t\t\t<\/div>\n\t\t\t\t<\/div>\n\t\t\t\t<\/div>\n\t\t\t\t\t<\/div>\n\t\t\t\t<\/div>\n\t\t\t\t<\/div>\n\t\t","protected":false},"excerpt":{"rendered":"<p>Adres Beykoz\/\u0130STANBUL Telefon 0531 307 53 87 \u0130LET\u0130\u015e\u0130M FORMU Formu doldurun sizinle en k\u0131sa s\u00fcrede ileti\u015fime ge\u00e7ip bilgi &amp; teklif verelim.<\/p>\n","protected":false},"author":1,"featured_media":0,"parent":0,"menu_order":0,"comment_status":"closed","ping_status":"closed","template":"","meta":{"inline_featured_image":false,"footnotes":""},"class_list":["post-344","page","type-page","status-publish","hentry"],"_links":{"self":[{"href":"https:\/\/sahrakentinsaat.com\/noktal\/wp-json\/wp\/v2\/pages\/344","targetHints":{"allow":["GET"]}}],"collection":[{"href":"https:\/\/sahrakentinsaat.com\/noktal\/wp-json\/wp\/v2\/pages"}],"about":[{"href":"https:\/\/sahrakentinsaat.com\/noktal\/wp-json\/wp\/v2\/types\/page"}],"author":[{"embeddable":true,"href":"https:\/\/sahrakentinsaat.com\/noktal\/wp-json\/wp\/v2\/users\/1"}],"replies":[{"embeddable":true,"href":"https:\/\/sahrakentinsaat.com\/noktal\/wp-json\/wp\/v2\/comments?post=344"}],"version-history":[{"count":0,"href":"https:\/\/sahrakentinsaat.com\/noktal\/wp-json\/wp\/v2\/pages\/344\/revisions"}],"wp:attachment":[{"href":"https:\/\/sahrakentinsaat.com\/noktal\/wp-json\/wp\/v2\/media?parent=344"}],"curies":[{"name":"wp","href":"https:\/\/api.w.org\/{rel}","templated":true}]}}